{"id":42535,"date":"2026-01-26T10:37:53","date_gmt":"2026-01-26T16:37:53","guid":{"rendered":"https:\/\/enrolit.center\/lululemon\/?post_type=product&#038;p=42535"},"modified":"2026-02-02T23:40:41","modified_gmt":"2026-02-03T05:40:41","slug":"lululemon-10k-cdmx-2026","status":"publish","type":"product","link":"https:\/\/enrolit.center\/lululemon\/lululemon-10k-cdmx-2026\/","title":{"rendered":"LULULEMON 10K CDMX 2026"},"content":{"rendered":"<h3 style=\"text-align: center;\"><strong>lululemon 10k 2026<\/strong><\/h3>\n<p style=\"text-align: center;\"><strong>Ciudad de M\u00e9xico \/ <\/strong><strong>29 de marzo 2026<\/strong><\/p>\n<p><strong>\u00a0<\/strong><\/p>\n<h3><strong>BASES<\/strong><\/h3>\n<ol>\n<li><strong> Fecha: <\/strong>domingo 29 de marzo, 2026.<\/li>\n<li><strong> Lugar: <\/strong>Av.Paseo de la Reforma, CDMX.<\/li>\n<li><strong> Distancia:<\/strong>10k<\/li>\n<li><strong> Horario de Salida: <\/strong>6:00 am<\/li>\n<li><strong> Categor\u00edas en ambas ramas:\u00a0<\/strong><\/li>\n<\/ol>\n<ul>\n<li>\u00danica varonil y femenil<\/li>\n<\/ul>\n<h3><strong> Requisitos:<\/strong><\/h3>\n<ul>\n<li>Edad m\u00ednima 16 a\u00f1os cumplidos al d\u00eda del evento.<\/li>\n<li>Llenar solicitud de inscripci\u00f3n, con nombre y firma de conformidad de la carta responsiva y aviso de privacidad en los centros oficiales de inscripci\u00f3n.<\/li>\n<li>Cubrir la cuota de inscripci\u00f3n de acuerdo al calendario de fechas.<\/li>\n<li>Apegarse estrictamente a las normas c\u00edvicas, sanitarias, operativas y ambientales del Comit\u00e9 Organizador.<\/li>\n<\/ul>\n<h3><strong> Cuotas de Recuperaci\u00f3n:<\/strong><\/h3>\n<p>Precio Regular: $1,250.00 de la apertura de inscripciones hasta agotar existencias.<\/p>\n<p><strong>*** Precios m\u00e1s el 10% de comisi\u00f3n de la plataforma de cobro electr\u00f3nica.\u00a0<\/strong><\/p>\n<p><strong>IMPORTANTE:<\/strong><\/p>\n<p>Las inscripciones quedan abiertas a partir de la publicaci\u00f3n de la presente convocatoria y se cerrar\u00e1n el\u00a0jueves 26 de marzo del 2025 a las 16:00 hrs o al agotar existencias. Viernes 27 y s\u00e1bado 28 de marzo \u00fanicamente ser\u00e1 posible inscribirse en la entrega de kits del evento y a reserva de que no se hayan agotado las inscripciones antes de estas fechas.<\/p>\n<h3><strong> Centros de inscripci\u00f3n:<\/strong><\/h3>\n<ul>\n<li>Por Internet en:\u00a0\u00a0<a href=\"http:\/\/www.fhinix.com\">www.fhinix.com<\/a><\/li>\n<\/ul>\n<p>*** El corredor s\u00f3lo se podr\u00e1 inscribir una vez y la informaci\u00f3n que proporcione deber\u00e1 de ser ver\u00eddica.<\/p>\n<h3><strong> Asignaci\u00f3n de n\u00fameros:<\/strong><\/h3>\n<p>Los n\u00fameros ser\u00e1n asignados en forma autom\u00e1tica de acuerdo a la fecha de inscripci\u00f3n.<\/p>\n<h3><strong> Entrega de n\u00fameros:<\/strong><\/h3>\n<p>La entrega del n\u00fameros y paquete de corredor se realizar\u00e1 en la terraza de Artz Pedregal el viernes 27 y s\u00e1bado 28 de marzo de 8:00 am a 6:00 pm.<\/p>\n<p><strong>NOTA IMPORTANTE:<\/strong>\u00a0La entrega de paquetes es PERSONAL. Cada atleta deber\u00e1 presentar su identificaci\u00f3n oficial el d\u00eda de la entrega de paquetes. No se har\u00e1n cambio de nombres bajo ninguna circunstancia por seguridad del atleta. El corredor que no recoja su paquete en los horarios establecidos perder\u00e1 todo derecho derivado de su inscripci\u00f3n.<\/p>\n<p>Para recoger n\u00famero y kit es necesario presentar el C\u00f3digo QR que te lleg\u00f3 a tu correo electr\u00f3nico junto con una identificaci\u00f3n oficial. No es necesario llevar nada impreso, salvo que vayas a recoger el n\u00famero de alguien m\u00e1s, en ese caso s\u00ed es necesario llevar impreso su C\u00f3digo QR y una identificaci\u00f3n oficial.<\/p>\n<p><strong>NO HAY CAMBIOS DE TALLA DE PLAYERA, SE TE ENTREGAR\u00c1 LA TALLA QUE ELEGISTE AL MOMENTO DE INSCRIBIRTE.<\/strong><\/p>\n<h3><strong> Servicios:<\/strong><\/h3>\n<p>El Comit\u00e9 Organizador proporcionar\u00e1 los siguientes art\u00edculos y servicios a los corredores que se inscriban de acuerdo a lo estipulado en esta convocatoria:<\/p>\n<ul>\n<li>N\u00famero oficial.<\/li>\n<li>Playera conmemorativa lululemon.<\/li>\n<li>Morral Conmemorativo.<\/li>\n<li>Servicios m\u00e9dicos en salida &#8211; ruta \u2013 meta.<\/li>\n<li>Se\u00f1alizaci\u00f3n en ruta.<\/li>\n<li>Seguridad y vigilancia en ruta, de acuerdo al programa de cierre y apertura de vialidades aprobado por el Gobierno de la CDMX.<\/li>\n<li>Servicio de guardarropa.<\/li>\n<li>Servicio de sanitarios en salida &#8211; ruta \u2013 meta.<\/li>\n<li>Abasto de agua y bebida isot\u00f3nica en ruta y meta.<\/li>\n<li>Medalla de participaci\u00f3n al corredor que cubra la distancia oficial. La medalla \u00fanicamente se le entregar\u00e1 al corredor que haya corrido la ruta completa se su respectiva distancia.<\/li>\n<\/ul>\n<h3><strong> Reglamento:<\/strong><\/h3>\n<p>Vigente de la Federaci\u00f3n Mexicana de Asociaciones de Atletismo A. C.<\/p>\n<h3><strong> Lineamientos:<\/strong><\/h3>\n<ul>\n<li>S\u00f3lo se podr\u00e1 correr con n\u00famero oficial, el cual es intransferible y no podr\u00e1 modificarse.<\/li>\n<li>Se asignar\u00e1 un chip, programado con el n\u00famero de participante el cual ser\u00e1 intransferible.<\/li>\n<li>Es obligatorio pasar por todas las zonas de control de tiempos (tapetes), para recibir su certificado de tiempo oficial.<\/li>\n<li>Se deber\u00e1 respetar las zonas de abastecimiento oficial.<\/li>\n<li>El paquete de recuperaci\u00f3n, ser\u00e1 \u00fanicamente para los corredores que cuenten con su n\u00famero oficial colocado en la parte frontal de la playera.<\/li>\n<li>Seguir en todo momento la ruta oficial marcada por el Comit\u00e9 Organizador.<\/li>\n<\/ul>\n<p>Tiempo l\u00edmite para completar la distancia: 1.30 hrs.<\/p>\n<p>Transcurrido el tiempo l\u00edmite se abrir\u00e1n las vialidades y el Comit\u00e9 Organizador no se har\u00e1 responsable de la seguridad de los participante que continuen en ruta.<\/p>\n<h3><strong> Ruta:<\/strong><\/h3>\n<p>PENDIENTE<\/p>\n<p><strong>*** El Comit\u00e9 Organizador se reserva el derecho de hacer cambios de \u00faltima hora en la ruta.<\/strong><\/p>\n<h3><strong> Jueces:<\/strong><\/h3>\n<p>Los jueces son el organismo oficial para avalar los resultados y darles ese car\u00e1cter, ellos verifican el tiempo oficial, siendo \u00e9ste el que se registra desde el momento del disparo de salida que corresponda a cada participante, ubicado en su bloque de salida correspondiente, hasta el momento de cruzar la meta.\u00a0 Los jueces ser\u00e1n designados por el Comit\u00e9 Organzador, su decisi\u00f3n ser\u00e1 inapelable. TODAS las Premiaciones se definir\u00e1n en funci\u00f3n al TIEMPO OFICIAL.<\/p>\n<ul>\n<li>Tiempo Chip: Es el registrado desde que se cruza el tapete de la l\u00ednea de salida hasta cruzar la l\u00ednea de meta.<\/li>\n<li>Tiempo Oficial: Es el que se registra desde el disparo de salida hasta que el corredor cruza la li\u00ednea de meta.<\/li>\n<\/ul>\n<p>Resultados extra-oficiales: Se publicar\u00e1n el domingo 29 de marzo a las 16:00 hrs\u00a0 en\u00a0<a href=\"http:\/\/www.fhinix.com\/\">www.fhinix.com<\/a><\/p>\n<h3><strong> Premiaci\u00f3n:<\/strong><\/h3>\n<p>Todos los competidores finalistas recibir\u00e1n una medalla conmemorativa al finalizar el evento.<\/p>\n<p>Est\u00edmulos para ganadores:<\/p>\n<ul>\n<li>Primeros tres lugares absolutos en las ramas Varonil y Femenil \u2013 Medalla o Trofeo Conmemorativo<\/li>\n<\/ul>\n<p>Ceremonia de Premiaci\u00f3n:<\/p>\n<p>Se premiar\u00e1 al tener los resultadios oficiales en el templete de premiaci\u00f3n.<\/p>\n<h3><strong>NOTAS PREMIACI\u00d3N:<\/strong><\/h3>\n<ol>\n<li>En caso de que los ganadores no se presenten en la ceremonia de premiaci\u00f3n, el periodo establecido como l\u00edmite para reclamar su premio ser\u00e1 de 7 d\u00edas naturales a partir de la fecha del anuncio de resultados oficiales.\u00a0Qui\u00e9n no reclame su premio en ese periodo perdera su derecho a reclamarlo. Para reclamo de premios mandar correo a <a href=\"mailto:contacto@fhinix.com\">contacto@fhinix.com<\/a><\/li>\n<li>El ganador deber\u00e1 presentar identificaci\u00f3n oficial con fotograf\u00eda para poder reclamar su premio. No se har\u00e1 entrega de los mismos a ning\u00fan representante.<\/li>\n<li>Ante cualquier controversia en la premiaci\u00f3n conforme a la edad registrada al d\u00eda del evento del corredor o corredora, el Comit\u00e9 Organizador podr\u00e1 solicitar el acta de nacimiento original para confirmar la informaci\u00f3n y poder tener derecho a la premiaci\u00f3n.<\/li>\n<li><strong> Jurado de Apelaci\u00f3n:<\/strong>Toda protesta deber\u00e1 ser presentada en tiempo y forma a m\u00e1s tardar 30 minutos despu\u00e9s de haber anunciado los resultados para premiaci\u00f3nes.<\/li>\n<li><strong> Registro de Marcas:<\/strong>La imagen gr\u00e1fica y el logotipo oficial de <strong>lululemon 10k<\/strong> es una marca registrada, quien reproduzca o haga uso de ellos sin previa autorizaci\u00f3n del Comit\u00e9 Organizador, ser\u00e1 sujeto al proceso jur\u00eddico correspondiente por la autoridad competente.<\/li>\n<li><strong> Transitorios:<\/strong><\/li>\n<li>Los aspectos no previstos en esta Convocatoria, ser\u00e1n resueltos por el Comit\u00e9 Organizador, sus decisiones se considerar\u00e1n inapelables.<\/li>\n<li>En caso de cancelaci\u00f3n del evento por causas de fuerza mayor ajenas al Comit\u00e9 Organizador, no se hacen responsables: el Comit\u00e9 Organizador, aliados, patrocinadores, proveedores y autoridades por los da\u00f1os y perjuicios que puedan sufrir los participantes inscritos y\/o sus familiares y\/o amigos, por lo que no se har\u00e1 compensaci\u00f3n alguna monetaria o de ninguna especie por el monto de la inscripci\u00f3n.<\/li>\n<li><strong> Agradecimientos:<\/strong><\/li>\n<\/ol>\n<p>Gobierno de la Ciudad de M\u00e9xico, Instituto del Deporte de la Ciudad de M\u00e9xico, Secretar\u00eda de Seguridad p\u00fablica de la Ciudad de M\u00e9xico, Secretar\u00eda de Medio Ambiente de la Ciudad de M\u00e9xico, Alcald\u00eda Miguel Hidalgo, Alcald\u00eda Cuauthemoc, Patrocinadores Oficiales, a todos los vecinos de la zona, corredoras y corredores participantes y a todos los involucrados en la organizaci\u00f3n de este evento.<\/p>\n<p>&nbsp;<\/p>\n<p>En la Ciudad de M\u00e9xico, al mes de enero 2026.<\/p>\n","protected":false},"excerpt":{"rendered":"<div class=\"av-special-heading av-e6ppx-3ed8c6d0a3107d949ef883e6c344312e av-special-heading-h1 blockquote modern-quote avia-builder-el-16 el_before_av_textblock avia-builder-el-first\">\n<h4 style=\"text-align: center;\"><\/h4>\n<h4 class=\"av-special-heading-tag\" style=\"text-align: center;\"><strong>FECHA: DOMINGO 29 DE MARZO DEL 2026.\u00a0<\/strong><\/h4>\n<\/div>\n<section class=\"av_textblock_section av-l3dn4ob6-ccd50f7d6368c9590aded5f28508604b\">\n<div class=\"avia_textblock\">\n<p style=\"text-align: center;\">LUGAR: Paseo de la Reforma, CDMX.<\/p>\n<p style=\"text-align: center;\">DISTANCIA:10K<\/p>\n<p style=\"text-align: center;\">HORARIO DE SALIDA: 6:00 am<\/p>\n<\/div>\n<\/section>\n","protected":false},"author":72,"featured_media":42526,"template":"","meta":[],"product_brand":[],"product_cat":[82],"product_tag":[],"class_list":{"0":"post-42535","1":"product","2":"type-product","3":"status-publish","4":"has-post-thumbnail","6":"product_cat-operador-fhinix","8":"first","9":"instock","10":"virtual","11":"purchasable","12":"product-type-simple"},"_links":{"self":[{"href":"https:\/\/enrolit.center\/lululemon\/wp-json\/wp\/v2\/product\/42535","targetHints":{"allow":["GET"]}}],"collection":[{"href":"https:\/\/enrolit.center\/lululemon\/wp-json\/wp\/v2\/product"}],"about":[{"href":"https:\/\/enrolit.center\/lululemon\/wp-json\/wp\/v2\/types\/product"}],"author":[{"embeddable":true,"href":"https:\/\/enrolit.center\/lululemon\/wp-json\/wp\/v2\/users\/72"}],"wp:featuredmedia":[{"embeddable":true,"href":"https:\/\/enrolit.center\/lululemon\/wp-json\/wp\/v2\/media\/42526"}],"wp:attachment":[{"href":"https:\/\/enrolit.center\/lululemon\/wp-json\/wp\/v2\/media?parent=42535"}],"wp:term":[{"taxonomy":"product_brand","embeddable":true,"href":"https:\/\/enrolit.center\/lululemon\/wp-json\/wp\/v2\/product_brand?post=42535"},{"taxonomy":"product_cat","embeddable":true,"href":"https:\/\/enrolit.center\/lululemon\/wp-json\/wp\/v2\/product_cat?post=42535"},{"taxonomy":"product_tag","embeddable":true,"href":"https:\/\/enrolit.center\/lululemon\/wp-json\/wp\/v2\/product_tag?post=42535"}],"curies":[{"name":"wp","href":"https:\/\/api.w.org\/{rel}","templated":true}]}}