{"id":42479,"date":"2025-07-08T16:16:18","date_gmt":"2025-07-08T22:16:18","guid":{"rendered":"https:\/\/enrolit.center\/cdp2026\/?post_type=product&#038;p=42479"},"modified":"2026-04-01T11:22:37","modified_gmt":"2026-04-01T17:22:37","slug":"carrera-dia-del-padre-21k-2026","status":"publish","type":"product","link":"https:\/\/enrolit.center\/cdp2026\/carrera-dia-del-padre-21k-2026\/","title":{"rendered":"CARRERA D\u00cdA DEL\u00a0PADRE\u00a021K\u00a02026"},"content":{"rendered":"<h3><strong>CARRERA D\u00cdA DEL PADRE 21K 2026<\/strong><\/h3>\n<p>Corredores del Bosque de Tlalpan y Fhinix Sports convocan a la Carrera del D\u00eda del Padre 21k 2026, con el apoyo del Gobierno de la Ciudad de M\u00e9xico, a trav\u00e9s del Instituto del Deporte de la Ciudad de M\u00e9xico.<\/p>\n<h3><strong>BASES DE PARTICIPACI\u00d3N<\/strong><\/h3>\n<p><strong>Fecha:<\/strong>\u00a0domingo 21 de junio del 2026.<\/p>\n<p><strong>Lugar:<\/strong>\u00a0Salida sobre los carriles centrales de Perif\u00e9rico Sur, casi frente al Hotel Radisson Para\u00edso, Ciudad de M\u00e9xico.<\/p>\n<p><strong>Distancia:<\/strong>\u00a0Medio Marat\u00f3n 21,097 metros.<\/p>\n<h3><strong>Cuotas de Recuperaci\u00f3n:<\/strong><\/h3>\n<table width=\"633\">\n<tbody>\n<tr>\n<td width=\"88\"><strong>PRECIO<\/strong><\/td>\n<td width=\"280\"><strong>PERIODO<\/strong><\/td>\n<td width=\"142\"><strong>MIEMBROS CBT<\/strong><\/td>\n<td width=\"123\"><strong>P\u00daBLICO<\/strong><\/td>\n<\/tr>\n<tr>\n<td width=\"88\">Precio 1<\/td>\n<td width=\"280\">del 1 de julio 2025 al 6 de enero 2026<\/td>\n<td width=\"142\">$ 750.00<\/td>\n<td width=\"123\">$ 800.00<\/td>\n<\/tr>\n<tr>\n<td width=\"88\">Precio 2<\/td>\n<td width=\"280\">Del 7 de enero al 02 de marzo 2026<\/td>\n<td width=\"142\">$ 950.00<\/td>\n<td width=\"123\">$ 1,000.00<\/td>\n<\/tr>\n<tr>\n<td width=\"88\">Precio 4<\/td>\n<td width=\"280\">del 03 de marzo al 1 de junio 2026<\/td>\n<td width=\"142\">$ 1,050.00<\/td>\n<td width=\"123\">$ 1,100.00<\/td>\n<\/tr>\n<tr>\n<td width=\"88\">Precio Expo<\/td>\n<td width=\"280\">del 2 de junio al 20 de junio 2026<\/td>\n<td width=\"142\">$ 1,150.00<\/td>\n<td width=\"123\">$ 1,200.00<\/td>\n<\/tr>\n<\/tbody>\n<\/table>\n<p><strong>\u00a0<\/strong><\/p>\n<p><strong>*** Precios m\u00e1s comisi\u00f3n del 10% por el uso de la plataforma de cobro electr\u00f3nica.<\/strong><\/p>\n<h4><strong>Notas importantes:<\/strong><\/h4>\n<p>Para ser MIEMBRO CBT (Corredores del Bosque de Tlalpan) es necesario afiliarse en la Caba\u00f1a de Corredores del Bosque de Tlalpan, el tr\u00e1mite se realiza personalmente. Para obtener la cuota especial de socio es indispensable que se realice la inscripci\u00f3n a la Carrera en la Caba\u00f1a de Corredores del Bosque de Tlalpan.<\/p>\n<p>Las inscripciones quedan abiertas a partir de la publicaci\u00f3n de la presente convocatoria y se cerrar\u00e1n el jueves 18 de junio del 2026 a las 6:00 pm o al agotar inscripciones. Viernes 19 y s\u00e1bado 20 \u00fanicamente ser\u00e1 posible inscribirse en la entrega de kits del evento y a reserva de que no se hayan agotado las inscripciones antes de estas fechas.<\/p>\n<h3><strong>Categor\u00edas:\u00a0<\/strong><\/h3>\n<p>Por edad en ambas ramas:<\/p>\n<ul>\n<li>J1 15 a 19 a\u00f1os<\/li>\n<li>J2 20 a 24 a\u00f1os<\/li>\n<li>L1 25 a 29 a\u00f1os<\/li>\n<li>L2 30 a 34 a\u00f1os<\/li>\n<li>L3 35 a 39 a\u00f1os<\/li>\n<li>M1 40 a 44 a\u00f1os<\/li>\n<li>M2 45 a 49 a\u00f1os<\/li>\n<li>M3 50 a 54 a\u00f1os<\/li>\n<li>V1 55 a 59 a\u00f1os<\/li>\n<li>V2 60 a 64 a\u00f1os<\/li>\n<li>V3 65 a 70 a\u00f1os<\/li>\n<li>V4 70 a\u00f1os y m\u00e1s<\/li>\n<\/ul>\n<ul>\n<li>Silla de Ruedas (no Hand Cycling).***<\/li>\n<li>Corredores con discapacidad visual (el corredor deber\u00e1 de usar antifaz durante toda la carrera y deber\u00e1 de ir acompa\u00f1ado siempre de un gu\u00eda).***<\/li>\n<\/ul>\n<p>&nbsp;<\/p>\n<p>***Las categor\u00edas de atletas con otros tipos de discapacidad se ir\u00e1n incluyendo parcialmente en el evento en a\u00f1os posteriores.<\/p>\n<p>Categor\u00edas Especiales:<\/p>\n<ul>\n<li>Padre e Hijo<\/li>\n<li>Padre e Hija<\/li>\n<li>Corredores del Bosque de Tlalpan<\/li>\n<\/ul>\n<p>&nbsp;<\/p>\n<h3><strong>Requisitos:<\/strong><\/h3>\n<ul>\n<li>Edad m\u00ednima 15 a\u00f1os, cumplidos al d\u00eda del evento.<\/li>\n<li>Llenar solicitud de inscripci\u00f3n digital, con nombre y firma de conformidad de la carta responsiva digital y aviso de privacidad.<\/li>\n<li>Cubrir la cuota de inscripci\u00f3n de acuerdo al calendario de fechas.<\/li>\n<li>Apegarse estrictamente a las normas c\u00edvicas, operativas y ambientales del Comit\u00e9 Organizador.<\/li>\n<\/ul>\n<p>&nbsp;<\/p>\n<h3><strong>Centros de inscripci\u00f3n:<\/strong><\/h3>\n<ul>\n<li>En Internet en:\u00a0<a href=\"http:\/\/www.carreradiadelpadre.com\/\">www.carreradiadelpadre.com<\/a>\u00a0y\/o <a href=\"http:\/\/www.fhinix.com\">www.fhinix.com<\/a><\/li>\n<li>Caba\u00f1a de Corredores del Bosque de Tlalpan (sin cobro de comisi\u00f3n por uso de la plataforma)<\/li>\n<li>Metta Running House Polanco (Enrique Wallon 414, Polanco)<\/li>\n<li>Metta Running House Condesa (Av Mexico 99 &#8211; Local 1, Condesa)<\/li>\n<li>Caba\u00f1a de Corredores del Bosque de Tlalpan.<\/li>\n<li>Pago en tiendas Oxxo de todo el pa\u00eds, registr\u00e1ndose en <a href=\"http:\/\/www.carreradiadelpadre.com\">www.carreradiadelpadre.com<\/a>\u00a0 y\/o <a href=\"http:\/\/www.fhinix.com\">www.fhinix.com<\/a><\/li>\n<\/ul>\n<p>&nbsp;<\/p>\n<p>El corredor s\u00f3lo se podr\u00e1 inscribir una vez y debe proporcionar ver\u00eddicamente toda la informaci\u00f3n.<\/p>\n<h3><strong>Asignaci\u00f3n de n\u00fameros:<\/strong><\/h3>\n<p>Los n\u00fameros ser\u00e1n asignados de acuerdo a la fecha de inscripci\u00f3n.<\/p>\n<p>Entrega de n\u00fameros:\u00a0La entrega del n\u00famero oficial, chip y paquete de corredor, se realizar\u00e1 en el Estacionamiento del Bosque de Tlalpan ubicado en Camino a Santa Teresa s\/n, Parques del Pedregal, Tlalpan, 14010 Ciudad de M\u00e9xico, CDMX en los siguientes horarios:<\/p>\n<ul>\n<li>Viernes 19 de Junio de 9:00 am a 5:00 pm<\/li>\n<li>S\u00e1bado 20 de Junio de 8:00 am a 2:00 pm<\/li>\n<\/ul>\n<p>&nbsp;<\/p>\n<p>Sugerimos estacionar su veh\u00edculo en Perisur, Plaza Cuicuilco o de ser posible llegar en bicicleta o transporte p\u00fablico, contaremos con estacionamiento para bicicletas con personal de seguridad.<\/p>\n<p><strong>NOTA IMPORTANTE:\u00a0<\/strong>La entrega de paquetes es PERSONAL. Cada atleta deber\u00e1 presentar su identificaci\u00f3n oficial el d\u00eda de la entrega de paquetes.<\/p>\n<p>Podr\u00e1n entregarse en la entrega de kits DOS paquetes adicionales al del titular, siempre y cuando \u00e9ste lleve la confirmaci\u00f3n de la inscripci\u00f3n y copia fotost\u00e1tica de sus identificaciones oficiales (de ambos corredores). Sin estos documentos no ser\u00e1 posible entregar paquetes adicionales.<\/p>\n<p><strong>Cambios de Datos:<\/strong> Para hacer cambios de titular en una inscripci\u00f3n o ceder una inscripci\u00f3n a otro corredor, ser\u00e1 necesario presentar los siguientes documentos en la entrega de n\u00fameros: Comprobante de inscripci\u00f3n impresa (c\u00f3digo QR), carta poder del titular firmada cediendo los derechos de su inscripci\u00f3n, copia de identificaci\u00f3n de ambos corredores.<\/p>\n<h3><strong>Servicios:\u00a0<\/strong><\/h3>\n<p>El Comit\u00e9 Organizador proporcionar\u00e1 los siguientes art\u00edculos y servicios a los corredores que se inscriban de acuerdo a lo estipulado en esta convocatoria:<\/p>\n<ul>\n<li>N\u00famero oficial.<\/li>\n<li>Playera conmemorativa. (Solicitamos talla de playera en el formato de registro para temas estad\u00edsticos, no garantizamos el poder entregarle a todos los participantes la talla que solicit\u00f3 al registrarse).<\/li>\n<li>Servicios m\u00e9dicos en salida &#8211; meta \u2013 ruta.<\/li>\n<li>Se\u00f1alizaci\u00f3n en ruta.<\/li>\n<li>Seguridad y vigilancia por la ruta, de acuerdo al programa de cierre y apertura de vialidades aprobado por la Secretar\u00eda de Seguridad P\u00fablica de la Ciudad de M\u00e9xico.<\/li>\n<li>Servicio de guardarropa.<\/li>\n<li>Servicio de sanitarios en salida &#8211; meta \u2013 ruta.<\/li>\n<li>Abasto de agua en 8 centros de abastecimiento (cada 2.5 km aprox.) y 4 de bebida isot\u00f3nica (cada 5 km aprox.).<\/li>\n<li>Medalla de participaci\u00f3n al corredor que cubra la distancia oficial. La medalla \u00fanicamente se le entregar\u00e1 al corredor que haya corrido la ruta completa.<\/li>\n<li>Paquete de recuperaci\u00f3n en meta.<\/li>\n<\/ul>\n<p>&nbsp;<\/p>\n<h3><strong>Horario y bloques de arranque:<\/strong><\/h3>\n<table width=\"648\">\n<tbody>\n<tr>\n<td width=\"385\"><strong>TIEMPO ESTIMADO<\/strong><\/td>\n<td width=\"131\"><strong>BLOQUE<\/strong><\/td>\n<td width=\"132\"><strong>HORA SALIDA<\/strong><\/td>\n<\/tr>\n<tr>\n<td width=\"385\">Atletas con discapacidad<\/td>\n<td width=\"131\">Inclusi\u00f3n<\/td>\n<td width=\"132\">5:55:00 a. m.<\/td>\n<\/tr>\n<tr>\n<td width=\"385\">ELITES (Mujeres, debajo de 1:20 hrs. &#8211; Hombres debajo de 1:10 Hrs.)<\/td>\n<td width=\"131\">Elites<\/td>\n<td width=\"132\">5:57:00 a. m.<\/td>\n<\/tr>\n<tr>\n<td width=\"385\">Mujeres de 1:20 a 1:30 Hrs. \u2013 Hombres de 1:10 a 1:30 Hrs.)<\/td>\n<td width=\"131\">BLOQUE 1<\/td>\n<td width=\"132\">6:00:00 a. m.<\/td>\n<\/tr>\n<tr>\n<td width=\"385\">De 1:30 a 1:40 Hrs.<\/td>\n<td width=\"131\">BLOQUE 2<\/td>\n<td width=\"132\">6:04:00 a. m.<\/td>\n<\/tr>\n<tr>\n<td width=\"385\">De 1:40 a 1:50 Hrs.<\/td>\n<td width=\"131\">BLOQUE 3<\/td>\n<td width=\"132\">6:08:00 a. m.<\/td>\n<\/tr>\n<tr>\n<td width=\"385\">De 1:50 a 2:00 Hrs.<\/td>\n<td width=\"131\">BLOQUE 4<\/td>\n<td width=\"132\">6:12:00 a. m.<\/td>\n<\/tr>\n<tr>\n<td width=\"385\">M\u00e1s de 2:00 Hrs.<\/td>\n<td width=\"131\">BLOQUE 5<\/td>\n<td width=\"132\">6:16:00 a. m.<\/td>\n<\/tr>\n<\/tbody>\n<\/table>\n<p><strong>\u00a0<\/strong><\/p>\n<h3><strong>Asignaci\u00f3n de Bloque ELITE, 1 y 2:<\/strong><\/h3>\n<p>Bloque \u201cElite\u201d (Corredores Profesionales): Los corredores que deseen pertenecer a este Bloque, deber\u00e1n realizar su inscripci\u00f3n en cualquier centro de inscripci\u00f3n y presentarse en la Expo (entrega de paquetes) con certificado de tiempos de alg\u00fan evento reciente (NO M\u00c1S DE UN A\u00d1O HACIA ATR\u00c1S) en el M\u00f3dulo de CORREDORES ELITE para que se les valide su certificado y se les haga entrega del BRAZALETE para tener acceso al Bloque de salida de ELITES. Tiempos requeridos: Mujeres, debajo de 1:20 hrs. &#8211; Hombres debajo de 1:10 hrs. en 21k.<\/p>\n<p>Bloque 1 (Azul): Los corredores que deseen pertenecer a este Bloque, deber\u00e1n realizar su inscripci\u00f3n en cualquier centro de inscripci\u00f3n y presentarse en la Expo (entrega de paquetes) con certificado de tiempos de alg\u00fan evento reciente (NO M\u00c1S DE UN A\u00d1O HACIA ATR\u00c1S) en el M\u00f3dulo de CORREDORES ELITE Y BLOQUE 1 para que se les valide su certificado y se les haga entrega del BRAZALETE para tener acceso al Bloque de salida 1. Tiempos requeridos: Mujeres de 1:20 a 1:30 hrs. \u2013 Hombres de 1:10 a 1:30 hrs. en 21k.<\/p>\n<p>Bloque 2 (Rojo): Los corredores que deseen pertenecer a este Bloque, deber\u00e1n realizar su inscripci\u00f3n en cualquier centro de inscripci\u00f3n y presentarse en la Expo (entrega de paquetes) con certificado de tiempos de alg\u00fan evento reciente (NO M\u00c1S DE UN A\u00d1O HACIA ATR\u00c1S) en el M\u00f3dulo de BLOQUE 2 para que se les valide su certificado y se les haga entrega del BRAZALETE para tener acceso al Bloque de salida 2. Tiempos requeridos: De 1:30 a 1:40 hrs. en 21k.<\/p>\n<p>Participantes con carriolas: En pro de la convivencia familiar, CDP permite carriolas. Por tu seguridad, la del beb\u00e9 y de la log\u00edstica del evento, los corredores que deseen participar en esta modalidad, deber\u00e1n inscribirse y\/o solicitar salida en el \u00daLTIMO BLOQUE de Salida. Agradecemos su comprensi\u00f3n.<\/p>\n<p>Por seguridad de los participantes NO se permite usar bicicletas, ni patines en la ruta.<\/p>\n<h3><strong>Reglamento:<\/strong><\/h3>\n<p>Vigente de la Federaci\u00f3n Mexicana de Asociaciones de Atletismo A. C.<\/p>\n<h3><strong>Lineamientos:<\/strong><\/h3>\n<ul>\n<li>S\u00f3lo se podr\u00e1 correr con n\u00famero oficial, el cual es intransferible y no podr\u00e1 modificarse.<\/li>\n<li>Se asignar\u00e1 un chip, programado con el n\u00famero de participante el cual ser\u00e1 intransferible.<\/li>\n<li>Es obligatorio pasar por todas las zonas de control de tiempos (tapetes), para recibir su certificado de tiempo oficial.<\/li>\n<li>El tiempo l\u00edmite para completar el recorrido es de 180 minutos a partir de la \u00faltima salida. Los servicios y apoyos en la ruta est\u00e1n considerados para atender a los corredores durante ese periodo.<\/li>\n<li>Se deber\u00e1 respetar la zona de abastecimiento oficial.<\/li>\n<li>El paquete de recuperaci\u00f3n (medalla, fruta, agua e isot\u00f3nico), es \u00fanicamente para los corredores que cuenten con su n\u00famero oficial.<\/li>\n<li>Los atletas que sean sorprendidos con alg\u00fan n\u00famero falso ser\u00e1n vetados en los eventos bajo la marca \u00abCarrera del D\u00eda del Padre 21k\u00bb.<\/li>\n<li>Seguir en todo momento la ruta oficial marcada por el Comit\u00e9 Organizador.<\/li>\n<\/ul>\n<p>&nbsp;<\/p>\n<h3><strong>Ruta:<\/strong><\/h3>\n<p>La \u201cSalida\u201d ser\u00e1 sobre los carriles centrales de Perif\u00e9rico Sur frente al Hotel Radisson Para\u00edso (cerca del Centro Comercial Perisur). Los participantes correr\u00e1n por los carriles centrales del Anillo Perif\u00e9rico hasta el retorno natural de Cuemanco, ah\u00ed se tomar\u00e1 Perif\u00e9rico de regreso direcci\u00f3n Norte y as\u00ed llegar al punto de \u201cMeta\u201d sobre la calle de Zacat\u00e9petl.<\/p>\n<p>El recorrido est\u00e1 medido conforme a los procedimientos y est\u00e1ndares aprobados por la IAAF (International Association of Athletics Federation) y la AIMS (Association of International Marathons and Distance Races).<\/p>\n<p>*** El Comit\u00e9 Organizador se reserva el derecho de hacer cambios de \u00faltima hora en la ruta.<\/p>\n<h3><strong>Jueces:<\/strong><\/h3>\n<p>Los jueces son el organismo oficial para avalar los resultados y darles ese car\u00e1cter, ellos verifican el tiempo oficial, siendo \u00e9ste el que se registra desde el momento del disparo de salida que corresponda a cada participante, ubicado en su bloque de salida correspondiente, hasta el momento de cruzar la meta.<\/p>\n<p><strong>La Premiaci\u00f3n de los 5 primeros lugares absolutos en ambas ramas de la carrera se determinan en funci\u00f3n al TIEMPO OFICIAL. La Premiaci\u00f3n de todas las categor\u00edas por edad y subcategor\u00edas se determinar\u00e1 en funci\u00f3n al TIEMPO CHIP. <\/strong><\/p>\n<p>Una vez publicados los resultados se podr\u00e1n recibir reclamaciones de premiaci\u00f3n al correo\u00a0 hasta el martes 23 de junio a las 20:00 hrs. Reclamaciones hechas despu\u00e9s de esta fecha ya no ser\u00e1n procesadas.<\/p>\n<p>Tiempo Chip: Es el registrado desde que se cruza el tapete de la l\u00ednea de salida hasta cruzar la meta y se utilizar\u00e1 el Sistema de Cronometraje Electr\u00f3nico.<\/p>\n<p>Tiempo Oficial: Es el registrado desde que se da el disparo de salida hasta cruzar la meta y se utilizar\u00e1 el Sistema de Cronometraje Electr\u00f3nico.<\/p>\n<p>Resultados extra-oficiales: Se publicar\u00e1n el mismo d\u00eda del evento despu\u00e9s de las 12:00 hrs. en <a href=\"http:\/\/www.carreradiadelpadre.com\">www.carreradiadelpadre.com<\/a>\u00a0 y\/o <a href=\"http:\/\/www.fhinix.com\">www.fhinix.com<\/a><\/p>\n<h3><strong>Premiaci\u00f3n:<\/strong><\/h3>\n<p>Todos los competidores finalistas recibir\u00e1n una medalla conmemorativa al finalizar el evento.<\/p>\n<p>Est\u00edmulos:<\/p>\n<ul>\n<li>Primer Lugar Absoluto en ambas ramas: $ 50,000.00 y Trofeo Conmemorativo.<\/li>\n<li>Segundo Lugar Absoluto en ambas ramas: $ 25,000.00 y Trofeo Conmemorativo.<\/li>\n<li>Tercer Lugar Absoluto en ambas ramas: $ 15,000.00 y Trofeo Conmemorativo.<\/li>\n<li>Cuarto Lugar Absoluto en ambas ramas: $ 7,000.00 y Trofeo Conmemorativo.<\/li>\n<li>Quinto Lugar Absoluto en ambas ramas: $ 3,000.00 y Trofeo Conmemorativo.<\/li>\n<li>Primeros 3 Lugares de Cada Categor\u00eda por Edad Ambas Ramas: Trofeo Conmemorativo.<\/li>\n<li>Primeros 3 Lugares Corredores del Bosque de Tlalpan Ambas Ramas: Trofeo Conmemorativo.<\/li>\n<li>Primeros 3 Lugares Categor\u00eda Padre\/Hijo &#8211; Padre\/Hija: Trofeo Conmemorativo.<\/li>\n<\/ul>\n<p><strong>PREMIO ESPECIAL AL PRIMER CORREDOR MEXICANO Y A LA PRIMERA CORREDORA MEXICANA:<\/strong><\/p>\n<ul>\n<li>Beca ANUAL de parte de Deporte Mexicano de $ 10,000.00 mensuales como apoyo en su preparaci\u00f3n y a sus competencias.<\/li>\n<li>Apoyo de Fhinix Sports con Avi\u00f3n y hospedaje para competir en un evento internacional (\u00fanicamente America o Europa) durante ese mismo a\u00f1o (del 16 de junio 2025 a 15 de junio 2026).<\/li>\n<\/ul>\n<p><strong>*** Aplican Condiciones y Restricciones.<\/strong><\/p>\n<p>Ceremonia de Premiaci\u00f3n:<\/p>\n<p>Ante la presencia de las autoridades se llevar\u00e1 al finalizar el evento la Ceremonia de Premiaci\u00f3n de los primeros 5 lugares absolutos en ambas ramas. La Premiaci\u00f3n por categor\u00edas se realizar\u00e1 en un evento posterior y ser\u00e1 por invitaci\u00f3n.<\/p>\n<h3><strong>NOTAS PREMIACI\u00d3N:<\/strong><\/h3>\n<ul>\n<li>Se podr\u00e1 realizar prueba anti doping a los 5 ganadores absolutos en ambas ramas.<\/li>\n<li>Para la entrega de premios por categor\u00edas, se deber\u00e1 tener una participaci\u00f3n de al menos 10 corredores en esa categor\u00eda y rama, de lo contrario, s\u00f3lo se premiar\u00e1 al primer lugar.<\/li>\n<li>El periodo establecido como l\u00edmite para recoger los premios y est\u00edmulos ser\u00e1 de 15 d\u00edas naturales, a partir de la fecha del anuncio de resultados oficiales. Corredor que no se presente en la ceremonia de premiaci\u00f3n deber\u00e1 de recoger su trofeo posteriormente en la Caba\u00f1a de Corredores del Bosque de Tlalpan.<\/li>\n<li>El ganador deber\u00e1 presentar identificaci\u00f3n oficial con fotograf\u00eda para poder reclamar su premio. No se har\u00e1 entrega de los mismos a ning\u00fan representante.<\/li>\n<li>No habr\u00e1 duplicidad de premios salvo la de Ganadores ABSOLUTOS con los Mejores Mexicanos.<\/li>\n<li>Ante cualquier controversia en la premiaci\u00f3n conforme a la edad registrada al d\u00eda del evento del corredor o corredora, el Comit\u00e9 Organizador podr\u00e1 solicitar el acta de nacimiento original para confirmar la informaci\u00f3n y poder tener derecho a la premiaci\u00f3n.<\/li>\n<li>Para recibir el premio de \u201cCorredores del Bosque de Tlalpan\u201d ser\u00e1 necesario presentar su credencial de socio vigente.<\/li>\n<\/ul>\n<ul>\n<li><strong>La Premiaci\u00f3n de los 5 primeros lugares absolutos en ambas ramas de la carrera se determinan en funci\u00f3n al TIEMPO OFICIAL. La Premiaci\u00f3n de todas las categor\u00edas por edad y subcategor\u00edas se determinar\u00e1 en funci\u00f3n al TIEMPO CHIP. <\/strong><\/li>\n<\/ul>\n<p>La ceremonia de Premiaci\u00f3n se llevar\u00e1 a cabo unos d\u00edas posteriores al evento (por informar fecha, hora y lugar), el d\u00eda de la carrera se premiar\u00e1 \u00fanicamente a los 5 ganadores absolutos en ambas ramas.<\/p>\n<h3><strong>Jurado de Apelaci\u00f3n:<\/strong><\/h3>\n<p>Toda protesta deber\u00e1 ser presentada en tiempo y forma. Las protestas ser\u00e1n atendidas por el Jurado de Apelaci\u00f3n de acuerdo al reglamento de la FMAA.<\/p>\n<h3><strong>Registro de Marcas:<\/strong><\/h3>\n<p>La imagen gr\u00e1fica y el logotipo oficial de la Carrera del D\u00eda del Padre 21k es una marca registrada, quien reproduzca o haga uso de ellos sin previa autorizaci\u00f3n del Comit\u00e9 Organizador, ser\u00e1 sujeto al proceso jur\u00eddico correspondiente por la autoridad competente.<\/p>\n<p><strong>Transitorios:<\/strong><\/p>\n<ol>\n<li>Los aspectos no previstos en esta Convocatoria, ser\u00e1n resueltos por el Comit\u00e9 Organizador, sus decisiones se considerar\u00e1n inapelables.<\/li>\n<li>Nota jur\u00eddica: Queda sin efecto cualquier otra convocatoria concerniente a la \u00abCarrera del D\u00eda del Padre 21k\u201d (21,097.5 metros), que no lleve sello y firma de Corredores del Bosque de Tlalpan A.C. y el Instituto del Deporte del Gobierno de la Ciudad de M\u00e9xico.<\/li>\n<li>En caso de cancelaci\u00f3n del evento por causas de fuerza mayor ajenas al Comit\u00e9 Organizador, no se hacen responsables: el Comit\u00e9 Organizador, aliados, patrocinadores, proveedores y autoridades por los da\u00f1os y perjuicios que puedan sufrir los participantes inscritos y\/o sus familiares y\/o amigos, por lo que no se har\u00e1 compensaci\u00f3n alguna monetaria o de ninguna especie por el monto de la inscripci\u00f3n.<\/li>\n<li>Te invitamos a ser parte de la iniciativa de \u201cSustentabilidad Ambiental\u201d del evento, tu participaci\u00f3n es muy importante por favor sigue los lineamientos verdes establecidos.<\/li>\n<\/ol>\n<p>&nbsp;<\/p>\n<h3><strong>Agradecimientos:<\/strong><\/h3>\n<p>Gobierno de la Ciudad de M\u00e9xico, Instituto del Deporte de la Ciudad de M\u00e9xico, Secretar\u00eda de Seguridad p\u00fablica de la Ciudad de M\u00e9xico, Secretar\u00eda de Medio Ambiente de la Ciudad de M\u00e9xico, Delegaciones: Tlalpan, Coyoac\u00e1n y Xochimilco, Comisi\u00f3n de Recursos Naturales, Comisi\u00f3n Nacional del Deporte, Patrocinadores Oficiales, a todos los vecinos de la zona, Centro Comercial Perisur, Cuicuilco, Loreto, Deportivo Villa Ol\u00edmpica, corredoras y corredores participantes y a todos los involucrados en la organizaci\u00f3n de este evento.<\/p>\n<p>&nbsp;<\/p>\n","protected":false},"excerpt":{"rendered":"<div class=\"av-special-heading av-e6ppx-3ed8c6d0a3107d949ef883e6c344312e av-special-heading-h1 blockquote modern-quote avia-builder-el-16 el_before_av_textblock avia-builder-el-first\">\n<h4 class=\"av-special-heading-tag\" style=\"text-align: center;\"><strong>FECHA: DOMINGO 21 DE JUNIO DEL 2026.\u00a0<\/strong><\/h4>\n<\/div>\n<section class=\"av_textblock_section av-l3dn4ob6-ccd50f7d6368c9590aded5f28508604b\">\n<div class=\"avia_textblock\">\n<p style=\"text-align: center;\">LUGAR: Salida sobre los carriles centrales de Perif\u00e9rico Sur, casi frente al Hotel Radisson Para\u00edso, Ciudad de M\u00e9xico.<\/p>\n<p style=\"text-align: center;\">DISTANCIA: Medio Marat\u00f3n 21,097 metros.<\/p>\n<p style=\"text-align: center;\">HORARIO DE SALIDA: 5:55 am<\/p>\n<\/div>\n<\/section>\n","protected":false},"author":72,"featured_media":44296,"template":"","meta":{"iawp_total_views":17401},"product_brand":[],"product_cat":[82],"product_tag":[],"class_list":{"0":"post-42479","1":"product","2":"type-product","3":"status-publish","4":"has-post-thumbnail","6":"product_cat-operador-fhinix","8":"first","9":"instock","10":"virtual","11":"purchasable","12":"product-type-simple"},"_links":{"self":[{"href":"https:\/\/enrolit.center\/cdp2026\/wp-json\/wp\/v2\/product\/42479","targetHints":{"allow":["GET"]}}],"collection":[{"href":"https:\/\/enrolit.center\/cdp2026\/wp-json\/wp\/v2\/product"}],"about":[{"href":"https:\/\/enrolit.center\/cdp2026\/wp-json\/wp\/v2\/types\/product"}],"author":[{"embeddable":true,"href":"https:\/\/enrolit.center\/cdp2026\/wp-json\/wp\/v2\/users\/72"}],"wp:featuredmedia":[{"embeddable":true,"href":"https:\/\/enrolit.center\/cdp2026\/wp-json\/wp\/v2\/media\/44296"}],"wp:attachment":[{"href":"https:\/\/enrolit.center\/cdp2026\/wp-json\/wp\/v2\/media?parent=42479"}],"wp:term":[{"taxonomy":"product_brand","embeddable":true,"href":"https:\/\/enrolit.center\/cdp2026\/wp-json\/wp\/v2\/product_brand?post=42479"},{"taxonomy":"product_cat","embeddable":true,"href":"https:\/\/enrolit.center\/cdp2026\/wp-json\/wp\/v2\/product_cat?post=42479"},{"taxonomy":"product_tag","embeddable":true,"href":"https:\/\/enrolit.center\/cdp2026\/wp-json\/wp\/v2\/product_tag?post=42479"}],"curies":[{"name":"wp","href":"https:\/\/api.w.org\/{rel}","templated":true}]}}